{"id":30,"date":"2021-08-17T02:39:49","date_gmt":"2021-08-17T00:39:49","guid":{"rendered":"http:\/\/cc.subdesign.net\/?page_id=30"},"modified":"2021-08-18T15:22:21","modified_gmt":"2021-08-18T13:22:21","slug":"technische-angaben","status":"publish","type":"page","link":"https:\/\/citycards-dresden.de\/index.php\/technische-angaben\/","title":{"rendered":"Technische Angaben"},"content":{"rendered":"\n<div class=\"wp-block-columns is-layout-flex wp-container-core-columns-is-layout-9d6595d7 wp-block-columns-is-layout-flex\">\n<div class=\"wp-block-column is-layout-flow wp-block-column-is-layout-flow\" style=\"flex-basis:41%\">\n<h4 class=\"wp-block-heading\">Druckunterlagenschluss<\/h4>\n\n\n\n<p>Die genauen Daten entnehmen Sie bitte der Auftragsbest\u00e4tigung.<br>Je nach Kampagnenumfang bis zu 10 Tage vor Kampagnenstart.<\/p>\n\n\n\n<h4 class=\"wp-block-heading\">Lieferanschrift f\u00fcr Druckunterlagen<\/h4>\n\n\n\n<p>SUBdesign Werbeagentur GmbH<br>Magazinstra\u00dfe 17, 01099 Dresden<\/p>\n\n\n\n<div style=\"height:50px\" aria-hidden=\"true\" class=\"wp-block-spacer\"><\/div>\n\n\n\n<figure class=\"wp-block-image size-full\"><img loading=\"lazy\" decoding=\"async\" width=\"300\" height=\"430\" src=\"http:\/\/cc.subdesign.net\/wp-content\/uploads\/2021\/08\/musterkarten.gif\" alt=\"\" class=\"wp-image-31\"\/><\/figure>\n<\/div>\n\n\n\n<div class=\"wp-block-column is-layout-flow wp-block-column-is-layout-flow\" style=\"flex-basis:59%\">\n<h4 class=\"wp-block-heading\">Format<\/h4>\n\n\n\n<p>DIN A6, 148 x 105 mm<\/p>\n\n\n\n<h4 class=\"wp-block-heading\">Beschnittzugaben<\/h4>\n\n\n\n<p>bei angeschnittenen Formaten an allen Seiten 2 mm.<br>Dies gilt f\u00fcr Vorder- und R\u00fcckseite. [152 x 109 mm]<br>Anschnittgef\u00e4hrdete Text- und Bildelemente sollten wegen m\u00f6glicher Beschnitt-Toleranzen mindestens 2 mm nach innen gelegt werden.<\/p>\n\n\n\n<h4 class=\"wp-block-heading\">Farben<\/h4>\n\n\n\n<p>Sonderfarben oder Farbt\u00f6ne, die nicht mit der verwendeten Farbskala zu erreichen sind, auf Anfrage. Geringe Tonwertabweichungen sind durch das Druckverfahren bedingt.<\/p>\n\n\n\n<h4 class=\"wp-block-heading\">Druckverfahren<\/h4>\n\n\n\n<p>Offset, 4\/4-farbig, Euroskala, Vorderseite matt lackiert<\/p>\n\n\n\n<h4 class=\"wp-block-heading\">Papier<\/h4>\n\n\n\n<p>Chromo-, Chromosulfat- oder Bilderdruckkarton, einseitig mattgestrichen, mindestens 270 g\/qm, Vorderseite doppelt, R\u00fcckseite einfach gestrichen, aus umweltfreundlicher Herstellung \u2013 PEFC-zertifiziert. (<a href=\"http:\/\/www.pefc.de\" target=\"_blank\" rel=\"noreferrer noopener\">http:\/\/www.pefc.de<\/a>)<\/p>\n\n\n\n<h4 class=\"wp-block-heading\">Extras<\/h4>\n\n\n\n<p>Sonderfarben, Sonderformate, Sonderverarbeitungen auf Anfrage<\/p>\n\n\n\n<h4 class=\"wp-block-heading\">Digitale Druckvorlagen<\/h4>\n\n\n\n<p>Geschlossene Formate:<br>PDF (Bildbestandteile CMYK\/ min. 300 dpi),<br>EPS (eingebettete oder vektorisierte Schriften).<\/p>\n\n\n\n<p>Offene Formate:<br>Sammelordner aus allen g\u00e4ngigen Programmen mit Importen und Schriften.<\/p>\n\n\n\n<p>Bei nichtbelichtungsf\u00e4higen Dateien berechnen wir eine Nachbearbeitungsgeb\u00fchr. Zur Farbsicherheit farbverbindlichen Proof beilegen.<\/p>\n\n\n\n<p>alle Standart-Datentr\u00e4ger, ftp (Zugang auf Anfrage) oder per E-Mail an citycards@subdesign.net<\/p>\n\n\n\n<h4 class=\"wp-block-heading\">Layout<\/h4>\n\n\n\n<p>Jede CityCards hat zwei Seiten, beachten Sie das bei der Gestaltung. Die Vorderseite sollte Blickfang sein. Die Karten werden gern verschickt.<\/p>\n\n\n\n<h4 class=\"wp-block-heading\">Impressumszeile<\/h4>\n\n\n\n<p>Bitte denken Sie daran, auf der Kartenr\u00fcckseite Raum f\u00fcr die CityCards-Impressumszeile freizulassen.<br>Die Montage erfolgt durch uns oder laden Sie sich die Impressumszeile im <a href=\"http:\/\/cc.subdesign.net\/index.php\/kontakt-downloads\/\" data-type=\"page\" data-id=\"33\">Downloadbereich<\/a> herunter und setzen sie ein.<\/p>\n<\/div>\n<\/div>\n\n\n\n<p><\/p>\n","protected":false},"excerpt":{"rendered":"<p>Druckunterlagenschluss Die genauen Daten entnehmen Sie bitte der Auftragsbest\u00e4tigung.Je nach Kampagnenumfang bis zu 10 Tage vor Kampagnenstart. Lieferanschrift f\u00fcr Druckunterlagen SUBdesign Werbeagentur GmbHMagazinstra\u00dfe 17, 01099 Dresden Format DIN A6, 148 x 105 mm Beschnittzugaben bei angeschnittenen Formaten an allen Seiten 2 mm.Dies gilt f\u00fcr Vorder- und R\u00fcckseite. [152 x 109 mm]Anschnittgef\u00e4hrdete Text- und Bildelemente sollten <a href=\"https:\/\/citycards-dresden.de\/index.php\/technische-angaben\/\" class=\"more-link\">&#8230;<\/a><\/p>\n","protected":false},"author":1,"featured_media":0,"parent":0,"menu_order":0,"comment_status":"closed","ping_status":"closed","template":"","meta":{"footnotes":""},"class_list":["post-30","page","type-page","status-publish","hentry"],"_links":{"self":[{"href":"https:\/\/citycards-dresden.de\/index.php\/wp-json\/wp\/v2\/pages\/30","targetHints":{"allow":["GET"]}}],"collection":[{"href":"https:\/\/citycards-dresden.de\/index.php\/wp-json\/wp\/v2\/pages"}],"about":[{"href":"https:\/\/citycards-dresden.de\/index.php\/wp-json\/wp\/v2\/types\/page"}],"author":[{"embeddable":true,"href":"https:\/\/citycards-dresden.de\/index.php\/wp-json\/wp\/v2\/users\/1"}],"replies":[{"embeddable":true,"href":"https:\/\/citycards-dresden.de\/index.php\/wp-json\/wp\/v2\/comments?post=30"}],"version-history":[{"count":2,"href":"https:\/\/citycards-dresden.de\/index.php\/wp-json\/wp\/v2\/pages\/30\/revisions"}],"predecessor-version":[{"id":63,"href":"https:\/\/citycards-dresden.de\/index.php\/wp-json\/wp\/v2\/pages\/30\/revisions\/63"}],"wp:attachment":[{"href":"https:\/\/citycards-dresden.de\/index.php\/wp-json\/wp\/v2\/media?parent=30"}],"curies":[{"name":"wp","href":"https:\/\/api.w.org\/{rel}","templated":true}]}}